{"id":2,"date":"2013-11-06T11:55:36","date_gmt":"2013-11-06T11:55:36","guid":{"rendered":"http:\/\/anafrankboutiquehotel.com\/wpana\/?page_id=2"},"modified":"2026-02-24T19:33:53","modified_gmt":"2026-02-24T19:33:53","slug":"politicas-privacidad","status":"publish","type":"page","link":"https:\/\/anafrankboutiquehotel.com\/wpana\/politicas-privacidad\/","title":{"rendered":"Politicas de Privacidad"},"content":{"rendered":"<p>[et_pb_section fb_built=\u00bb1&#8243; admin_label=\u00bbsection\u00bb _builder_version=\u00bb4.16&#8243; global_colors_info=\u00bb{}\u00bb][et_pb_row admin_label=\u00bbrow\u00bb _builder_version=\u00bb4.16&#8243; background_size=\u00bbinitial\u00bb background_position=\u00bbtop_left\u00bb background_repeat=\u00bbrepeat\u00bb global_colors_info=\u00bb{}\u00bb][et_pb_column type=\u00bb4_4&#8243; _builder_version=\u00bb4.16&#8243; custom_padding=\u00bb|||\u00bb global_colors_info=\u00bb{}\u00bb custom_padding__hover=\u00bb|||\u00bb][et_pb_text admin_label=\u00bbText\u00bb _builder_version=\u00bb4.16&#8243; background_size=\u00bbinitial\u00bb background_position=\u00bbtop_left\u00bb background_repeat=\u00bbrepeat\u00bb global_colors_info=\u00bb{}\u00bb]<\/p>\n<p><b>Privacy Policy<\/b><span style=\"font-weight: 400;\"><br \/><\/span><span style=\"font-weight: 400;\">Last updated: March, 2026<\/span><\/p>\n<p><span style=\"font-weight: 400;\">At Ana Frank Boutique Hotel, we respect your privacy and protect the personal data you provide through our website.<\/span><\/p>\n<ol>\n<li><b> Data We Collect<\/b><span style=\"font-weight: 400;\"><br \/><\/span><span style=\"font-weight: 400;\">We may collect information such as:<\/span><\/li>\n<\/ol>\n<ul>\n<li style=\"font-weight: 400;\" aria-level=\"1\"><span style=\"font-weight: 400;\">First and last name<\/span><\/li>\n<li style=\"font-weight: 400;\" aria-level=\"1\"><span style=\"font-weight: 400;\">Identification document<\/span><\/li>\n<li style=\"font-weight: 400;\" aria-level=\"1\"><span style=\"font-weight: 400;\">Email address<\/span><\/li>\n<li style=\"font-weight: 400;\" aria-level=\"1\"><span style=\"font-weight: 400;\">Phone number<\/span><\/li>\n<li style=\"font-weight: 400;\" aria-level=\"1\"><span style=\"font-weight: 400;\">Information related to reservations, inquiries, or complaints<\/span><\/li>\n<\/ul>\n<ol start=\"2\">\n<li><b> Purpose<\/b><span style=\"font-weight: 400;\"><br \/><\/span><span style=\"font-weight: 400;\">We use your data to:<\/span><\/li>\n<\/ol>\n<ul>\n<li style=\"font-weight: 400;\" aria-level=\"1\"><span style=\"font-weight: 400;\">Manage reservations and stays<\/span><\/li>\n<li style=\"font-weight: 400;\" aria-level=\"1\"><span style=\"font-weight: 400;\">Respond to inquiries, complaints, or claims<\/span><\/li>\n<li style=\"font-weight: 400;\" aria-level=\"1\"><span style=\"font-weight: 400;\">Comply with legal obligations<\/span><\/li>\n<li style=\"font-weight: 400;\" aria-level=\"1\"><span style=\"font-weight: 400;\">Send you information related to your reservation<\/span><\/li>\n<\/ul>\n<p><span style=\"font-weight: 400;\">We will only send promotional communications if we have your consent.<\/span><\/p>\n<ol start=\"3\">\n<li><b> Data Retention and Security<\/b><span style=\"font-weight: 400;\"><br \/><\/span><span style=\"font-weight: 400;\">Your data will be stored securely and only for the time necessary to fulfill the purposes indicated above or as required by law.<\/span><\/li>\n<li><b> Data Sharing<\/b><span style=\"font-weight: 400;\"><br \/><\/span><span style=\"font-weight: 400;\">We may share your information with technology providers (booking engine, hosting services, hotel management systems) solely for the proper provision of our services. We do not sell your data to third parties.<\/span><\/li>\n<\/ol>\n<p><b>5. Data Subject Rights<\/b><span style=\"font-weight: 400;\"><br \/><\/span><span style=\"font-weight: 400;\">You may exercise your rights of Access, Rectification, Cancellation, or Objection (ARCO) by sending a request to: fmatthewswilson@gmail.com<\/span><\/p>\n<p>[\/et_pb_text][\/et_pb_column][\/et_pb_row][\/et_pb_section]<\/p>\n","protected":false},"excerpt":{"rendered":"<p>Privacy PolicyLast updated: March, 2026 At Ana Frank Boutique Hotel, we respect your privacy and protect the personal data you provide through our website. Data We CollectWe may collect information such as: First and last name Identification document Email address Phone number Information related to reservations, inquiries, or complaints PurposeWe use your data to: Manage [&hellip;]<\/p>\n","protected":false},"author":2,"featured_media":0,"parent":0,"menu_order":0,"comment_status":"open","ping_status":"closed","template":"","meta":{"_et_pb_use_builder":"on","_et_pb_old_content":"Esto es una p\u00e1gina de ejemplo. Es diferente a una entrada porque permanece fija en un lugar y se mostrar\u00e1 en la navegaci\u00f3n de tu sitio (en la mayor\u00eda de los temas). La mayor\u00eda de la gente empieza con una p\u00e1gina de Acerca de, que les presenta a los potenciales visitantes del sitio. Podr\u00eda ser algo como esto:\n\n<blockquote>\u00a1Hola! Soy mensajero por el d\u00eda, aspirante a actor por la noche, y este es mi blog. Vivo en Madrid, tengo un perrazo llamado Duque y me gustan las pi\u00f1as coladas (y que me pille un chaparr\u00f3n)<\/blockquote>\n\n...o algo as\u00ed:\n\n<blockquote>La empresa XYZ se fund\u00f3 en 1971 y ha estado ofreciendo \"cosas\" de calidad al p\u00fablico desde entonces. Situada en Madrid, XYZ emplea a m\u00e1s de 2.000 personas y hace todo tipo de cosas sorprendentes para la comunidad de Madrid.<\/blockquote>\n\nSi eres nuevo en WordPress deber\u00edas ir a <a href=\"http:\/\/anafrankboutiquehotel.com\/wpana\/wp-admin\/\">tu escritorio<\/a> para borrar esta p\u00e1ginay crear p\u00e1ginas nuevas con tu propio contenido. \u00a1P\u00e1salo bien!","_et_gb_content_width":"","_joinchat":[],"footnotes":""},"wf_page_folders":[],"class_list":["post-2","page","type-page","status-publish","hentry"],"yoast_head":"<!-- This site is optimized with the Yoast SEO plugin v27.0 - https:\/\/yoast.com\/product\/yoast-seo-wordpress\/ -->\n<title>Politicas de Privacidad | AnaFrank Boutique Hotel<\/title>\n<meta name=\"robots\" content=\"index, follow, max-snippet:-1, max-image-preview:large, max-video-preview:-1\" \/>\n<link rel=\"canonical\" href=\"https:\/\/anafrankboutiquehotel.com\/wpana\/politicas-privacidad\/\" \/>\n<meta property=\"og:locale\" content=\"es_ES\" \/>\n<meta property=\"og:type\" content=\"article\" \/>\n<meta property=\"og:title\" content=\"Politicas de Privacidad | AnaFrank Boutique Hotel\" \/>\n<meta property=\"og:url\" content=\"https:\/\/anafrankboutiquehotel.com\/wpana\/politicas-privacidad\/\" \/>\n<meta property=\"og:site_name\" content=\"AnaFrank Boutique Hotel\" \/>\n<meta property=\"article:modified_time\" content=\"2026-02-24T19:33:53+00:00\" \/>\n<meta property=\"og:image\" content=\"https:\/\/anafrankboutiquehotel.com\/wp-content\/uploads\/2026\/02\/AnaFrankBoutiqueHotelMiraflores.jpg\" \/>\n\t<meta property=\"og:image:width\" content=\"1200\" \/>\n\t<meta property=\"og:image:height\" content=\"675\" \/>\n\t<meta property=\"og:image:type\" content=\"image\/jpeg\" \/>\n<meta name=\"twitter:card\" content=\"summary_large_image\" \/>\n<meta name=\"twitter:label1\" content=\"Tiempo de lectura\" \/>\n\t<meta name=\"twitter:data1\" content=\"1 minuto\" \/>\n<script type=\"application\/ld+json\" class=\"yoast-schema-graph\">{\"@context\":\"https:\/\/schema.org\",\"@graph\":[{\"@type\":\"WebPage\",\"@id\":\"https:\/\/anafrankboutiquehotel.com\/wpana\/politicas-privacidad\/\",\"url\":\"https:\/\/anafrankboutiquehotel.com\/wpana\/politicas-privacidad\/\",\"name\":\"Politicas de Privacidad | AnaFrank Boutique Hotel\",\"isPartOf\":{\"@id\":\"https:\/\/anafrankboutiquehotel.com\/wpana\/#website\"},\"datePublished\":\"2013-11-06T11:55:36+00:00\",\"dateModified\":\"2026-02-24T19:33:53+00:00\",\"breadcrumb\":{\"@id\":\"https:\/\/anafrankboutiquehotel.com\/wpana\/politicas-privacidad\/#breadcrumb\"},\"inLanguage\":\"es\",\"potentialAction\":[{\"@type\":\"ReadAction\",\"target\":[\"https:\/\/anafrankboutiquehotel.com\/wpana\/politicas-privacidad\/\"]}]},{\"@type\":\"BreadcrumbList\",\"@id\":\"https:\/\/anafrankboutiquehotel.com\/wpana\/politicas-privacidad\/#breadcrumb\",\"itemListElement\":[{\"@type\":\"ListItem\",\"position\":1,\"name\":\"Portada\",\"item\":\"https:\/\/anafrankboutiquehotel.com\/wpana\/\"},{\"@type\":\"ListItem\",\"position\":2,\"name\":\"Politicas de Privacidad\"}]},{\"@type\":\"WebSite\",\"@id\":\"https:\/\/anafrankboutiquehotel.com\/wpana\/#website\",\"url\":\"https:\/\/anafrankboutiquehotel.com\/wpana\/\",\"name\":\"AnaFrank Boutique Hotel\",\"description\":\"Miraflores | Official Website\",\"potentialAction\":[{\"@type\":\"SearchAction\",\"target\":{\"@type\":\"EntryPoint\",\"urlTemplate\":\"https:\/\/anafrankboutiquehotel.com\/wpana\/?s={search_term_string}\"},\"query-input\":{\"@type\":\"PropertyValueSpecification\",\"valueRequired\":true,\"valueName\":\"search_term_string\"}}],\"inLanguage\":\"es\"}]}<\/script>\n<!-- \/ Yoast SEO plugin. -->","yoast_head_json":{"title":"Politicas de Privacidad | AnaFrank Boutique Hotel","robots":{"index":"index","follow":"follow","max-snippet":"max-snippet:-1","max-image-preview":"max-image-preview:large","max-video-preview":"max-video-preview:-1"},"canonical":"https:\/\/anafrankboutiquehotel.com\/wpana\/politicas-privacidad\/","og_locale":"es_ES","og_type":"article","og_title":"Politicas de Privacidad | AnaFrank Boutique Hotel","og_url":"https:\/\/anafrankboutiquehotel.com\/wpana\/politicas-privacidad\/","og_site_name":"AnaFrank Boutique Hotel","article_modified_time":"2026-02-24T19:33:53+00:00","og_image":[{"width":1200,"height":675,"url":"https:\/\/anafrankboutiquehotel.com\/wp-content\/uploads\/2026\/02\/AnaFrankBoutiqueHotelMiraflores.jpg","type":"image\/jpeg"}],"twitter_card":"summary_large_image","twitter_misc":{"Tiempo de lectura":"1 minuto"},"schema":{"@context":"https:\/\/schema.org","@graph":[{"@type":"WebPage","@id":"https:\/\/anafrankboutiquehotel.com\/wpana\/politicas-privacidad\/","url":"https:\/\/anafrankboutiquehotel.com\/wpana\/politicas-privacidad\/","name":"Politicas de Privacidad | AnaFrank Boutique Hotel","isPartOf":{"@id":"https:\/\/anafrankboutiquehotel.com\/wpana\/#website"},"datePublished":"2013-11-06T11:55:36+00:00","dateModified":"2026-02-24T19:33:53+00:00","breadcrumb":{"@id":"https:\/\/anafrankboutiquehotel.com\/wpana\/politicas-privacidad\/#breadcrumb"},"inLanguage":"es","potentialAction":[{"@type":"ReadAction","target":["https:\/\/anafrankboutiquehotel.com\/wpana\/politicas-privacidad\/"]}]},{"@type":"BreadcrumbList","@id":"https:\/\/anafrankboutiquehotel.com\/wpana\/politicas-privacidad\/#breadcrumb","itemListElement":[{"@type":"ListItem","position":1,"name":"Portada","item":"https:\/\/anafrankboutiquehotel.com\/wpana\/"},{"@type":"ListItem","position":2,"name":"Politicas de Privacidad"}]},{"@type":"WebSite","@id":"https:\/\/anafrankboutiquehotel.com\/wpana\/#website","url":"https:\/\/anafrankboutiquehotel.com\/wpana\/","name":"AnaFrank Boutique Hotel","description":"Miraflores | Official Website","potentialAction":[{"@type":"SearchAction","target":{"@type":"EntryPoint","urlTemplate":"https:\/\/anafrankboutiquehotel.com\/wpana\/?s={search_term_string}"},"query-input":{"@type":"PropertyValueSpecification","valueRequired":true,"valueName":"search_term_string"}}],"inLanguage":"es"}]}},"_links":{"self":[{"href":"https:\/\/anafrankboutiquehotel.com\/wpana\/wp-json\/wp\/v2\/pages\/2","targetHints":{"allow":["GET"]}}],"collection":[{"href":"https:\/\/anafrankboutiquehotel.com\/wpana\/wp-json\/wp\/v2\/pages"}],"about":[{"href":"https:\/\/anafrankboutiquehotel.com\/wpana\/wp-json\/wp\/v2\/types\/page"}],"author":[{"embeddable":true,"href":"https:\/\/anafrankboutiquehotel.com\/wpana\/wp-json\/wp\/v2\/users\/2"}],"replies":[{"embeddable":true,"href":"https:\/\/anafrankboutiquehotel.com\/wpana\/wp-json\/wp\/v2\/comments?post=2"}],"version-history":[{"count":3,"href":"https:\/\/anafrankboutiquehotel.com\/wpana\/wp-json\/wp\/v2\/pages\/2\/revisions"}],"predecessor-version":[{"id":1296,"href":"https:\/\/anafrankboutiquehotel.com\/wpana\/wp-json\/wp\/v2\/pages\/2\/revisions\/1296"}],"wp:attachment":[{"href":"https:\/\/anafrankboutiquehotel.com\/wpana\/wp-json\/wp\/v2\/media?parent=2"}],"wp:term":[{"taxonomy":"wf_page_folders","embeddable":true,"href":"https:\/\/anafrankboutiquehotel.com\/wpana\/wp-json\/wp\/v2\/wf_page_folders?post=2"}],"curies":[{"name":"wp","href":"https:\/\/api.w.org\/{rel}","templated":true}]}}